{"id":8,"date":"2016-11-23T00:34:53","date_gmt":"2016-11-23T00:34:53","guid":{"rendered":"https:\/\/oceanwp.org\/stylish\/?page_id=8"},"modified":"2026-01-28T11:44:11","modified_gmt":"2026-01-28T10:44:11","slug":"home","status":"publish","type":"page","link":"https:\/\/laroutedelours.fr\/","title":{"rendered":"Home"},"content":{"rendered":"\t\t<div data-elementor-type=\"wp-post\" data-elementor-id=\"8\" class=\"elementor elementor-8\">\n\t\t\t\t\t\t<section class=\"elementor-section elementor-top-section elementor-element elementor-element-6tvy454 elementor-section-height-min-height elementor-section-boxed elementor-section-height-default elementor-section-items-middle\" data-id=\"6tvy454\" data-element_type=\"section\" data-e-type=\"section\" data-settings=\"{&quot;background_background&quot;:&quot;classic&quot;}\">\n\t\t\t\t\t\t\t<div class=\"elementor-background-overlay\"><\/div>\n\t\t\t\t\t\t\t<div class=\"elementor-container elementor-column-gap-default\">\n\t\t\t\t\t<div class=\"elementor-column elementor-col-100 elementor-top-column elementor-element elementor-element-sk8ylc5\" data-id=\"sk8ylc5\" data-element_type=\"column\" data-e-type=\"column\">\n\t\t\t<div class=\"elementor-widget-wrap elementor-element-populated\">\n\t\t\t\t\t\t<div class=\"elementor-element elementor-element-bf38ce3 elementor-widget elementor-widget-spacer\" data-id=\"bf38ce3\" data-element_type=\"widget\" data-e-type=\"widget\" data-widget_type=\"spacer.default\">\n\t\t\t\t<div class=\"elementor-widget-container\">\n\t\t\t\t\t\t\t<div class=\"elementor-spacer\">\n\t\t\t<div class=\"elementor-spacer-inner\"><\/div>\n\t\t<\/div>\n\t\t\t\t\t\t<\/div>\n\t\t\t\t<\/div>\n\t\t\t\t<div class=\"elementor-element elementor-element-8mmzn2w animated-slow elementor-invisible elementor-widget elementor-widget-heading\" data-id=\"8mmzn2w\" data-element_type=\"widget\" data-e-type=\"widget\" data-settings=\"{&quot;_animation&quot;:&quot;lightSpeedIn&quot;,&quot;_animation_delay&quot;:1000}\" data-widget_type=\"heading.default\">\n\t\t\t\t<div class=\"elementor-widget-container\">\n\t\t\t\t\t<h2 class=\"elementor-heading-title elementor-size-default\">l'esprit Montagne<\/h2>\t\t\t\t<\/div>\n\t\t\t\t<\/div>\n\t\t\t\t<div class=\"elementor-element elementor-element-8f87686 elementor-widget elementor-widget-spacer\" data-id=\"8f87686\" data-element_type=\"widget\" data-e-type=\"widget\" data-widget_type=\"spacer.default\">\n\t\t\t\t<div class=\"elementor-widget-container\">\n\t\t\t\t\t\t\t<div class=\"elementor-spacer\">\n\t\t\t<div class=\"elementor-spacer-inner\"><\/div>\n\t\t<\/div>\n\t\t\t\t\t\t<\/div>\n\t\t\t\t<\/div>\n\t\t\t\t<div class=\"elementor-element elementor-element-3cxzxx1 elementor-align-center elementor-widget elementor-widget-button\" data-id=\"3cxzxx1\" data-element_type=\"widget\" data-e-type=\"widget\" data-widget_type=\"button.default\">\n\t\t\t\t<div class=\"elementor-widget-container\">\n\t\t\t\t\t\t\t\t\t<div class=\"elementor-button-wrapper\">\n\t\t\t\t\t<a class=\"elementor-button elementor-button-link elementor-size-md elementor-animation-pulse\" href=\"\/index.php\/contact\/\">\n\t\t\t\t\t\t<span class=\"elementor-button-content-wrapper\">\n\t\t\t\t\t\t\t\t\t<span class=\"elementor-button-text\">contact<\/span>\n\t\t\t\t\t<\/span>\n\t\t\t\t\t<\/a>\n\t\t\t\t<\/div>\n\t\t\t\t\t\t\t\t<\/div>\n\t\t\t\t<\/div>\n\t\t\t\t\t<\/div>\n\t\t<\/div>\n\t\t\t\t\t<\/div>\n\t\t<\/section>\n\t\t\t\t<section class=\"elementor-section elementor-top-section elementor-element elementor-element-plhq52n elementor-section-full_width elementor-section-height-default elementor-section-height-default\" data-id=\"plhq52n\" data-element_type=\"section\" data-e-type=\"section\" data-settings=\"{&quot;background_background&quot;:&quot;gradient&quot;}\">\n\t\t\t\t\t\t<div class=\"elementor-container elementor-column-gap-default\">\n\t\t\t\t\t<div class=\"elementor-column elementor-col-100 elementor-top-column elementor-element elementor-element-1xz8pfq\" data-id=\"1xz8pfq\" data-element_type=\"column\" data-e-type=\"column\">\n\t\t\t<div class=\"elementor-widget-wrap elementor-element-populated\">\n\t\t\t\t\t\t<div class=\"elementor-element elementor-element-78o06sh elementor-widget elementor-widget-heading\" data-id=\"78o06sh\" data-element_type=\"widget\" data-e-type=\"widget\" data-widget_type=\"heading.default\">\n\t\t\t\t<div class=\"elementor-widget-container\">\n\t\t\t\t\t<h2 class=\"elementor-heading-title elementor-size-default\">Association  des randonneurs du Couserans<\/h2>\t\t\t\t<\/div>\n\t\t\t\t<\/div>\n\t\t\t\t<div class=\"elementor-element elementor-element-e5a0194 elementor-widget elementor-widget-text-editor\" data-id=\"e5a0194\" data-element_type=\"widget\" data-e-type=\"widget\" data-widget_type=\"text-editor.default\">\n\t\t\t\t<div class=\"elementor-widget-container\">\n\t\t\t\t\t\t\t\t\t<p>Notre association propose \u00e0 ses membres de parcourir dans un esprit \u00e0 la fois sportif et contemplatif, les beaut\u00e9s naturelles et culturelles des montagnes pyr\u00e9n\u00e9ennes.<\/p>\t\t\t\t\t\t\t\t<\/div>\n\t\t\t\t<\/div>\n\t\t\t\t<div class=\"elementor-element elementor-element-68ae90f gallery-spacing-custom elementor-widget elementor-widget-image-gallery\" data-id=\"68ae90f\" data-element_type=\"widget\" data-e-type=\"widget\" data-widget_type=\"image-gallery.default\">\n\t\t\t\t<div class=\"elementor-widget-container\">\n\t\t\t\t\t\t\t<div class=\"elementor-image-gallery\">\n\t\t\t<div id='gallery-1' class='gallery galleryid-8 gallery-columns-4 gallery-size-full'><figure class='gallery-item'>\n\t\t\t<div class='gallery-icon landscape'>\n\t\t\t\t<a data-elementor-open-lightbox=\"yes\" data-elementor-lightbox-slideshow=\"68ae90f\" data-elementor-lightbox-title=\"IMG_3507\" data-e-action-hash=\"#elementor-action%3Aaction%3Dlightbox%26settings%3DeyJpZCI6MTIyMCwidXJsIjoiaHR0cHM6XC9cL2xhcm91dGVkZWxvdXJzLmZyXC93cC1jb250ZW50XC91cGxvYWRzXC8yMDE5XC8wNVwvSU1HXzM1MDctZTE1NTg3OTI3NzgyMzUuanBnIiwic2xpZGVzaG93IjoiNjhhZTkwZiJ9\" href='https:\/\/laroutedelours.fr\/wp-content\/uploads\/2019\/05\/IMG_3507-e1558792778235.jpg'><img fetchpriority=\"high\" decoding=\"async\" width=\"1000\" height=\"750\" src=\"https:\/\/laroutedelours.fr\/wp-content\/uploads\/2019\/05\/IMG_3507-e1558792778235.jpg\" class=\"attachment-full size-full\" alt=\"\" aria-describedby=\"gallery-1-1220\" \/><\/a>\n\t\t\t<\/div>\n\t\t\t\t<figcaption class='wp-caption-text gallery-caption' id='gallery-1-1220'>\n\t\t\t\tles randos sportives\n\t\t\t\t<\/figcaption><\/figure><figure class='gallery-item'>\n\t\t\t<div class='gallery-icon landscape'>\n\t\t\t\t<a data-elementor-open-lightbox=\"yes\" data-elementor-lightbox-slideshow=\"68ae90f\" data-elementor-lightbox-title=\"IMG_20161202_135801982_BURST000_COVERr43\" data-e-action-hash=\"#elementor-action%3Aaction%3Dlightbox%26settings%3DeyJpZCI6MjE2LCJ1cmwiOiJodHRwczpcL1wvbGFyb3V0ZWRlbG91cnMuZnJcL3dwLWNvbnRlbnRcL3VwbG9hZHNcLzIwMThcLzA2XC9JTUdfMjAxNjEyMDJfMTM1ODAxOTgyX0JVUlNUMDAwX0NPVkVScjQzLmpwZyIsInNsaWRlc2hvdyI6IjY4YWU5MGYifQ%3D%3D\" href='https:\/\/laroutedelours.fr\/wp-content\/uploads\/2018\/06\/IMG_20161202_135801982_BURST000_COVERr43.jpg'><img decoding=\"async\" width=\"1000\" height=\"750\" src=\"https:\/\/laroutedelours.fr\/wp-content\/uploads\/2018\/06\/IMG_20161202_135801982_BURST000_COVERr43.jpg\" class=\"attachment-full size-full\" alt=\"\" aria-describedby=\"gallery-1-216\" srcset=\"https:\/\/laroutedelours.fr\/wp-content\/uploads\/2018\/06\/IMG_20161202_135801982_BURST000_COVERr43.jpg 1000w, https:\/\/laroutedelours.fr\/wp-content\/uploads\/2018\/06\/IMG_20161202_135801982_BURST000_COVERr43-300x225.jpg 300w, https:\/\/laroutedelours.fr\/wp-content\/uploads\/2018\/06\/IMG_20161202_135801982_BURST000_COVERr43-768x576.jpg 768w, https:\/\/laroutedelours.fr\/wp-content\/uploads\/2018\/06\/IMG_20161202_135801982_BURST000_COVERr43-1024x768.jpg 1024w\" sizes=\"(max-width: 1000px) 100vw, 1000px\" \/><\/a>\n\t\t\t<\/div>\n\t\t\t\t<figcaption class='wp-caption-text gallery-caption' id='gallery-1-216'>\n\t\t\t\tles randos champagne\n\t\t\t\t<\/figcaption><\/figure><figure class='gallery-item'>\n\t\t\t<div class='gallery-icon landscape'>\n\t\t\t\t<a data-elementor-open-lightbox=\"yes\" data-elementor-lightbox-slideshow=\"68ae90f\" data-elementor-lightbox-title=\"SAMSUNG DIGITAL CAMERA\" data-e-action-hash=\"#elementor-action%3Aaction%3Dlightbox%26settings%3DeyJpZCI6MjkzLCJ1cmwiOiJodHRwczpcL1wvbGFyb3V0ZWRlbG91cnMuZnJcL3dwLWNvbnRlbnRcL3VwbG9hZHNcLzIwMThcLzA2XC9TREMxMTk4OC5qcGciLCJzbGlkZXNob3ciOiI2OGFlOTBmIn0%3D\" href='https:\/\/laroutedelours.fr\/wp-content\/uploads\/2018\/06\/SDC11988.jpg'><img decoding=\"async\" width=\"1000\" height=\"750\" src=\"https:\/\/laroutedelours.fr\/wp-content\/uploads\/2018\/06\/SDC11988.jpg\" class=\"attachment-full size-full\" alt=\"\" aria-describedby=\"gallery-1-293\" srcset=\"https:\/\/laroutedelours.fr\/wp-content\/uploads\/2018\/06\/SDC11988.jpg 1000w, https:\/\/laroutedelours.fr\/wp-content\/uploads\/2018\/06\/SDC11988-300x225.jpg 300w, https:\/\/laroutedelours.fr\/wp-content\/uploads\/2018\/06\/SDC11988-768x576.jpg 768w, https:\/\/laroutedelours.fr\/wp-content\/uploads\/2018\/06\/SDC11988-1024x768.jpg 1024w\" sizes=\"(max-width: 1000px) 100vw, 1000px\" \/><\/a>\n\t\t\t<\/div>\n\t\t\t\t<figcaption class='wp-caption-text gallery-caption' id='gallery-1-293'>\n\t\t\t\tles randos pos\u00e9es\n\t\t\t\t<\/figcaption><\/figure><figure class='gallery-item'>\n\t\t\t<div class='gallery-icon landscape'>\n\t\t\t\t<a data-elementor-open-lightbox=\"yes\" data-elementor-lightbox-slideshow=\"68ae90f\" data-elementor-lightbox-title=\"IMG_3127R\" data-e-action-hash=\"#elementor-action%3Aaction%3Dlightbox%26settings%3DeyJpZCI6MTc2LCJ1cmwiOiJodHRwczpcL1wvbGFyb3V0ZWRlbG91cnMuZnJcL3dwLWNvbnRlbnRcL3VwbG9hZHNcLzIwMThcLzA2XC9JTUdfMzEyN1IuanBnIiwic2xpZGVzaG93IjoiNjhhZTkwZiJ9\" href='https:\/\/laroutedelours.fr\/wp-content\/uploads\/2018\/06\/IMG_3127R.jpg'><img loading=\"lazy\" decoding=\"async\" width=\"1000\" height=\"750\" src=\"https:\/\/laroutedelours.fr\/wp-content\/uploads\/2018\/06\/IMG_3127R.jpg\" class=\"attachment-full size-full\" alt=\"\" aria-describedby=\"gallery-1-176\" srcset=\"https:\/\/laroutedelours.fr\/wp-content\/uploads\/2018\/06\/IMG_3127R.jpg 1000w, https:\/\/laroutedelours.fr\/wp-content\/uploads\/2018\/06\/IMG_3127R-300x225.jpg 300w, https:\/\/laroutedelours.fr\/wp-content\/uploads\/2018\/06\/IMG_3127R-768x576.jpg 768w\" sizes=\"(max-width: 1000px) 100vw, 1000px\" \/><\/a>\n\t\t\t<\/div>\n\t\t\t\t<figcaption class='wp-caption-text gallery-caption' id='gallery-1-176'>\n\t\t\t\tles randos carte postale\n\t\t\t\t<\/figcaption><\/figure>\n\t\t<\/div>\n\t\t<\/div>\n\t\t\t\t\t\t<\/div>\n\t\t\t\t<\/div>\n\t\t\t\t<div class=\"elementor-element elementor-element-56930b6 elementor-widget elementor-widget-text-editor\" data-id=\"56930b6\" data-element_type=\"widget\" data-e-type=\"widget\" data-widget_type=\"text-editor.default\">\n\t\t\t\t<div class=\"elementor-widget-container\">\n\t\t\t\t\t\t\t\t\t<p>&#8230; et toujours dans une saine ambiance de franche camaraderie <\/p>\t\t\t\t\t\t\t\t<\/div>\n\t\t\t\t<\/div>\n\t\t\t\t\t<\/div>\n\t\t<\/div>\n\t\t\t\t\t<\/div>\n\t\t<\/section>\n\t\t\t\t<\/div>\n\t\t","protected":false},"excerpt":{"rendered":"<p>l&rsquo;esprit Montagne contact Association des randonneurs du Couserans Notre association propose \u00e0 ses membres de parcourir dans un esprit \u00e0 la fois sportif et contemplatif, les beaut\u00e9s naturelles et culturelles des montagnes pyr\u00e9n\u00e9ennes. les randos champagne les randos pos\u00e9es les randos carte postale les randos sportives &#8230; et toujours dans une saine ambiance de franche [&hellip;]<\/p>\n","protected":false},"author":1,"featured_media":0,"parent":0,"menu_order":0,"comment_status":"closed","ping_status":"closed","template":"","meta":{"ocean_post_layout":"full-screen","ocean_both_sidebars_style":"","ocean_both_sidebars_content_width":0,"ocean_both_sidebars_sidebars_width":0,"ocean_sidebar":"0","ocean_second_sidebar":"0","ocean_disable_margins":"on","ocean_add_body_class":"","ocean_shortcode_before_top_bar":"","ocean_shortcode_after_top_bar":"","ocean_shortcode_before_header":"","ocean_shortcode_after_header":"","ocean_has_shortcode":"","ocean_shortcode_after_title":"","ocean_shortcode_before_footer_widgets":"","ocean_shortcode_after_footer_widgets":"","ocean_shortcode_before_footer_bottom":"","ocean_shortcode_after_footer_bottom":"","ocean_display_top_bar":"default","ocean_display_header":"default","ocean_header_style":"","ocean_center_header_left_menu":"0","ocean_custom_header_template":"0","ocean_custom_logo":0,"ocean_custom_retina_logo":0,"ocean_custom_logo_max_width":0,"ocean_custom_logo_tablet_max_width":0,"ocean_custom_logo_mobile_max_width":0,"ocean_custom_logo_max_height":0,"ocean_custom_logo_tablet_max_height":0,"ocean_custom_logo_mobile_max_height":0,"ocean_header_custom_menu":"0","ocean_menu_typo_font_family":"0","ocean_menu_typo_font_subset":"","ocean_menu_typo_font_size":0,"ocean_menu_typo_font_size_tablet":0,"ocean_menu_typo_font_size_mobile":0,"ocean_menu_typo_font_size_unit":"px","ocean_menu_typo_font_weight":"","ocean_menu_typo_font_weight_tablet":"","ocean_menu_typo_font_weight_mobile":"","ocean_menu_typo_transform":"","ocean_menu_typo_transform_tablet":"","ocean_menu_typo_transform_mobile":"","ocean_menu_typo_line_height":0,"ocean_menu_typo_line_height_tablet":0,"ocean_menu_typo_line_height_mobile":0,"ocean_menu_typo_line_height_unit":"","ocean_menu_typo_spacing":0,"ocean_menu_typo_spacing_tablet":0,"ocean_menu_typo_spacing_mobile":0,"ocean_menu_typo_spacing_unit":"","ocean_menu_link_color":"","ocean_menu_link_color_hover":"","ocean_menu_link_color_active":"","ocean_menu_link_background":"","ocean_menu_link_hover_background":"","ocean_menu_link_active_background":"","ocean_menu_social_links_bg":"","ocean_menu_social_hover_links_bg":"","ocean_menu_social_links_color":"","ocean_menu_social_hover_links_color":"","ocean_disable_title":"on","ocean_disable_heading":"default","ocean_post_title":"","ocean_post_subheading":"","ocean_post_title_style":"","ocean_post_title_background_color":"","ocean_post_title_background":0,"ocean_post_title_bg_image_position":"","ocean_post_title_bg_image_attachment":"","ocean_post_title_bg_image_repeat":"","ocean_post_title_bg_image_size":"","ocean_post_title_height":0,"ocean_post_title_bg_overlay":0.5,"ocean_post_title_bg_overlay_color":"","ocean_disable_breadcrumbs":"default","ocean_breadcrumbs_color":"","ocean_breadcrumbs_separator_color":"","ocean_breadcrumbs_links_color":"","ocean_breadcrumbs_links_hover_color":"","ocean_display_footer_widgets":"default","ocean_display_footer_bottom":"default","ocean_custom_footer_template":"0","omw_enable_modal_window":"enable","two_page_speed":[],"footnotes":""},"class_list":["post-8","page","type-page","status-publish","hentry","entry"],"_links":{"self":[{"href":"https:\/\/laroutedelours.fr\/index.php\/wp-json\/wp\/v2\/pages\/8","targetHints":{"allow":["GET"]}}],"collection":[{"href":"https:\/\/laroutedelours.fr\/index.php\/wp-json\/wp\/v2\/pages"}],"about":[{"href":"https:\/\/laroutedelours.fr\/index.php\/wp-json\/wp\/v2\/types\/page"}],"author":[{"embeddable":true,"href":"https:\/\/laroutedelours.fr\/index.php\/wp-json\/wp\/v2\/users\/1"}],"replies":[{"embeddable":true,"href":"https:\/\/laroutedelours.fr\/index.php\/wp-json\/wp\/v2\/comments?post=8"}],"version-history":[{"count":181,"href":"https:\/\/laroutedelours.fr\/index.php\/wp-json\/wp\/v2\/pages\/8\/revisions"}],"predecessor-version":[{"id":4569,"href":"https:\/\/laroutedelours.fr\/index.php\/wp-json\/wp\/v2\/pages\/8\/revisions\/4569"}],"wp:attachment":[{"href":"https:\/\/laroutedelours.fr\/index.php\/wp-json\/wp\/v2\/media?parent=8"}],"curies":[{"name":"wp","href":"https:\/\/api.w.org\/{rel}","templated":true}]}}