{"id":242,"date":"2018-06-14T22:56:36","date_gmt":"2018-06-14T20:56:36","guid":{"rendered":"http:\/\/laroutedelours.fr\/?page_id=242"},"modified":"2025-12-01T22:06:29","modified_gmt":"2025-12-01T21:06:29","slug":"fonctionnement","status":"publish","type":"page","link":"https:\/\/laroutedelours.fr\/index.php\/fonctionnement\/","title":{"rendered":"fonctionnement"},"content":{"rendered":"\t\t<div data-elementor-type=\"wp-post\" data-elementor-id=\"242\" class=\"elementor elementor-242\">\n\t\t\t\t\t\t<section class=\"elementor-section elementor-top-section elementor-element elementor-element-5df4cc0 elementor-section-boxed elementor-section-height-default elementor-section-height-default\" data-id=\"5df4cc0\" data-element_type=\"section\" data-e-type=\"section\" data-settings=\"{&quot;background_background&quot;:&quot;gradient&quot;}\">\n\t\t\t\t\t\t<div class=\"elementor-container elementor-column-gap-default\">\n\t\t\t\t\t<div class=\"elementor-column elementor-col-100 elementor-top-column elementor-element elementor-element-575bdba\" data-id=\"575bdba\" data-element_type=\"column\" data-e-type=\"column\">\n\t\t\t<div class=\"elementor-widget-wrap elementor-element-populated\">\n\t\t\t\t\t\t<div class=\"elementor-element elementor-element-c4f70de omw-open-modal elementor-widget elementor-widget-text-editor\" data-id=\"c4f70de\" data-element_type=\"widget\" data-e-type=\"widget\" data-widget_type=\"text-editor.default\">\n\t\t\t\t<div class=\"elementor-widget-container\">\n\t\t\t\t\t\t\t\t\t<p><span style=\"text-decoration: underline;\"><b>Fonctionnement pratique<\/b><br \/><\/span><\/p><p>\u2013 Le programme est \u00e9tabli sur <span style=\"color: #993300;\"><strong>4 mois<\/strong><\/span>. Il peut \u00e9voluer en cours de quadrimestre. Certaines dates peuvent \u00eatre supprim\u00e9es ou d\u00e9plac\u00e9es ; d\u2019autres rajout\u00e9es. Les adh\u00e9rents en sont avertis par la messagerie de la Route de l\u2019Ours. En tant que membres actifs, ils se tiennent aussi inform\u00e9s par eux-m\u00eames.<\/p><p>\u2013 Les sorties sont g\u00e9n\u00e9ralement <strong>programm\u00e9es le dimanche<\/strong>. Si la m\u00e9t\u00e9o est d\u00e9favorable, elles peuvent \u00eatre d\u00e9plac\u00e9es en semaine. Les adh\u00e9rents sont inform\u00e9s de la sortie quelques jours plus t\u00f4t\u00a0 par messagerie.<\/p><p>\u2013 Le mail indique l\u2019heure et le lieu de covoiturage et donne toutes les indications utiles sur le profil physique ou technique de la sortie. Il appartient \u00e0 l\u2019adh\u00e9rent doutant de sa capacit\u00e9 \u00e0 effectuer la randonn\u00e9e de se renseigner aupr\u00e8s de l\u2019encadrant.<\/p><p>\u2013 L\u2019inscription a une sortie se fait aupr\u00e8s de l\u2019encadrant par les moyens indiqu\u00e9s par celui-ci \u00e0 l\u2019exclusion de l\u2019usage de la messagerie de la Route de l\u2019Ours. Elle\u00a0doit \u00eatre faite dans le d\u00e9lai demand\u00e9 par l\u2019encadrant et au plus tard la veille avant 17h00.<\/p><p>\u2013 L\u2019encadrant, responsable de la <span style=\"color: #993300;\"><strong>s\u00e9curit\u00e9 du groupe<\/strong><\/span>, peut refuser (amicalement) la demande d\u2019une personne dont il juge le niveau de forme physique non adapt\u00e9 \u00e0 l\u2019exigence sportive de la randonn\u00e9e<\/p><p style=\"text-align: justify;\">\u2013 \u00c0 l\u2019appr\u00e9ciation de l\u2019encadrant, la sortie peut \u00eatre <strong><span style=\"color: #993300;\">annul\u00e9e ou modifi\u00e9e<\/span><\/strong> en cours de journ\u00e9e si des conditions particuli\u00e8res le n\u00e9cessitent (m\u00e9t\u00e9o, passage devenu difficile, neige ou glace, \u2026)<\/p><p style=\"text-align: justify;\">\u2013 Concernant les <strong><span style=\"color: #993300;\">sorties sur plusieurs jours<\/span><\/strong>, l\u2019encadrant pr\u00e9cise les conditions particuli\u00e8res \u00e0 chaque cas. R\u00e9servation obligatoire avec versement d\u2019arrhes<\/p><p style=\"text-align: justify;\">\u2013 R\u00e8gles de <strong><span style=\"color: #993300;\">covoiturage<\/span><\/strong> : <a href=\"#omw-482\" data-wplink-edit=\"true\">pr\u00e9cisions<\/a> <br \/>Le co\u00fbt du km est compt\u00e9 \u00e0 0,28 \u20ac par v\u00e9hicule. Il est partag\u00e9 par le nombre de personnes \u00e0 bord.<br \/>Le kilom\u00e9trage indiqu\u00e9 dans le programme est une \u00e9valuation des frais \u00e0 pr\u00e9voir ; seule compte la distance r\u00e9elle parcourue.<\/p><p>\u00a0<\/p>\t\t\t\t\t\t\t\t<\/div>\n\t\t\t\t<\/div>\n\t\t\t\t\t<\/div>\n\t\t<\/div>\n\t\t\t\t\t<\/div>\n\t\t<\/section>\n\t\t\t\t<\/div>\n\t\t","protected":false},"excerpt":{"rendered":"<p>Fonctionnement pratique \u2013 Le programme est \u00e9tabli sur 4 mois. Il peut \u00e9voluer en cours de quadrimestre. Certaines dates peuvent \u00eatre supprim\u00e9es ou d\u00e9plac\u00e9es ; d\u2019autres rajout\u00e9es. Les adh\u00e9rents en sont avertis par la messagerie de la Route de l\u2019Ours. En tant que membres actifs, ils se tiennent aussi inform\u00e9s par eux-m\u00eames. \u2013 Les sorties [&hellip;]<\/p>\n","protected":false},"author":1,"featured_media":0,"parent":0,"menu_order":0,"comment_status":"closed","ping_status":"closed","template":"","meta":{"ocean_post_layout":"","ocean_both_sidebars_style":"","ocean_both_sidebars_content_width":0,"ocean_both_sidebars_sidebars_width":0,"ocean_sidebar":"0","ocean_second_sidebar":"0","ocean_disable_margins":"enable","ocean_add_body_class":"","ocean_shortcode_before_top_bar":"","ocean_shortcode_after_top_bar":"","ocean_shortcode_before_header":"","ocean_shortcode_after_header":"","ocean_has_shortcode":"","ocean_shortcode_after_title":"","ocean_shortcode_before_footer_widgets":"","ocean_shortcode_after_footer_widgets":"","ocean_shortcode_before_footer_bottom":"","ocean_shortcode_after_footer_bottom":"","ocean_display_top_bar":"default","ocean_display_header":"default","ocean_header_style":"","ocean_center_header_left_menu":"0","ocean_custom_header_template":"0","ocean_custom_logo":0,"ocean_custom_retina_logo":0,"ocean_custom_logo_max_width":0,"ocean_custom_logo_tablet_max_width":0,"ocean_custom_logo_mobile_max_width":0,"ocean_custom_logo_max_height":0,"ocean_custom_logo_tablet_max_height":0,"ocean_custom_logo_mobile_max_height":0,"ocean_header_custom_menu":"0","ocean_menu_typo_font_family":"0","ocean_menu_typo_font_subset":"","ocean_menu_typo_font_size":0,"ocean_menu_typo_font_size_tablet":0,"ocean_menu_typo_font_size_mobile":0,"ocean_menu_typo_font_size_unit":"px","ocean_menu_typo_font_weight":"","ocean_menu_typo_font_weight_tablet":"","ocean_menu_typo_font_weight_mobile":"","ocean_menu_typo_transform":"","ocean_menu_typo_transform_tablet":"","ocean_menu_typo_transform_mobile":"","ocean_menu_typo_line_height":0,"ocean_menu_typo_line_height_tablet":0,"ocean_menu_typo_line_height_mobile":0,"ocean_menu_typo_line_height_unit":"","ocean_menu_typo_spacing":0,"ocean_menu_typo_spacing_tablet":0,"ocean_menu_typo_spacing_mobile":0,"ocean_menu_typo_spacing_unit":"","ocean_menu_link_color":"","ocean_menu_link_color_hover":"","ocean_menu_link_color_active":"","ocean_menu_link_background":"","ocean_menu_link_hover_background":"","ocean_menu_link_active_background":"","ocean_menu_social_links_bg":"","ocean_menu_social_hover_links_bg":"","ocean_menu_social_links_color":"","ocean_menu_social_hover_links_color":"","ocean_disable_title":"default","ocean_disable_heading":"default","ocean_post_title":"","ocean_post_subheading":"","ocean_post_title_style":"","ocean_post_title_background_color":"","ocean_post_title_background":0,"ocean_post_title_bg_image_position":"","ocean_post_title_bg_image_attachment":"","ocean_post_title_bg_image_repeat":"","ocean_post_title_bg_image_size":"","ocean_post_title_height":0,"ocean_post_title_bg_overlay":0.5,"ocean_post_title_bg_overlay_color":"","ocean_disable_breadcrumbs":"default","ocean_breadcrumbs_color":"","ocean_breadcrumbs_separator_color":"","ocean_breadcrumbs_links_color":"","ocean_breadcrumbs_links_hover_color":"","ocean_display_footer_widgets":"default","ocean_display_footer_bottom":"default","ocean_custom_footer_template":"","omw_enable_modal_window":"enable","two_page_speed":[],"footnotes":""},"class_list":["post-242","page","type-page","status-publish","hentry","entry"],"_links":{"self":[{"href":"https:\/\/laroutedelours.fr\/index.php\/wp-json\/wp\/v2\/pages\/242","targetHints":{"allow":["GET"]}}],"collection":[{"href":"https:\/\/laroutedelours.fr\/index.php\/wp-json\/wp\/v2\/pages"}],"about":[{"href":"https:\/\/laroutedelours.fr\/index.php\/wp-json\/wp\/v2\/types\/page"}],"author":[{"embeddable":true,"href":"https:\/\/laroutedelours.fr\/index.php\/wp-json\/wp\/v2\/users\/1"}],"replies":[{"embeddable":true,"href":"https:\/\/laroutedelours.fr\/index.php\/wp-json\/wp\/v2\/comments?post=242"}],"version-history":[{"count":49,"href":"https:\/\/laroutedelours.fr\/index.php\/wp-json\/wp\/v2\/pages\/242\/revisions"}],"predecessor-version":[{"id":4453,"href":"https:\/\/laroutedelours.fr\/index.php\/wp-json\/wp\/v2\/pages\/242\/revisions\/4453"}],"wp:attachment":[{"href":"https:\/\/laroutedelours.fr\/index.php\/wp-json\/wp\/v2\/media?parent=242"}],"curies":[{"name":"wp","href":"https:\/\/api.w.org\/{rel}","templated":true}]}}