{"id":232,"date":"2018-06-14T22:48:31","date_gmt":"2018-06-14T20:48:31","guid":{"rendered":"http:\/\/laroutedelours.fr\/?page_id=232"},"modified":"2026-04-10T14:50:45","modified_gmt":"2026-04-10T12:50:45","slug":"reglement-interieur","status":"publish","type":"page","link":"https:\/\/laroutedelours.fr\/index.php\/reglement-interieur\/","title":{"rendered":"r\u00e8glement int\u00e9rieur"},"content":{"rendered":"\t\t<div data-elementor-type=\"wp-post\" data-elementor-id=\"232\" class=\"elementor elementor-232\">\n\t\t\t\t\t\t<section class=\"elementor-section elementor-top-section elementor-element elementor-element-ad209c6 elementor-section-boxed elementor-section-height-default elementor-section-height-default\" data-id=\"ad209c6\" data-element_type=\"section\" data-e-type=\"section\" data-settings=\"{&quot;background_background&quot;:&quot;gradient&quot;}\">\n\t\t\t\t\t\t\t<div class=\"elementor-background-overlay\"><\/div>\n\t\t\t\t\t\t\t<div class=\"elementor-container elementor-column-gap-default\">\n\t\t\t\t\t<div class=\"elementor-column elementor-col-100 elementor-top-column elementor-element elementor-element-778c6db\" data-id=\"778c6db\" data-element_type=\"column\" data-e-type=\"column\">\n\t\t\t<div class=\"elementor-widget-wrap elementor-element-populated\">\n\t\t\t\t\t\t<div class=\"elementor-element elementor-element-a51b95f elementor-widget elementor-widget-text-editor\" data-id=\"a51b95f\" data-element_type=\"widget\" data-e-type=\"widget\" data-widget_type=\"text-editor.default\">\n\t\t\t\t<div class=\"elementor-widget-container\">\n\t\t\t\t\t\t\t\t\t<p><span style=\"text-decoration: underline;\"><strong>R\u00e8glement int\u00e9rieur<\/strong><\/span><\/p><p><strong><span style=\"color: #0000ff;\">Pr\u00e9ambule<\/span><br \/><\/strong>&#8211; Notre association propose \u00e0 ses membres la possibilit\u00e9 de d\u00e9couvrir sportivement mais sans esprit de comp\u00e9tition les beaut\u00e9s naturelles et culturelles dans une ambiance conviviale.<\/p><p>&#8211; Tout randonneur s\u2019engage \u00e0 respecter faune et flore et \u00e0 ne pas laisser de traces de son passage. Les chiens m\u00eame tenus en laisse ne sont pas tol\u00e9r\u00e9s.<\/p><p><span style=\"color: #0000ff;\"><strong>Adh\u00e9sion<\/strong><\/span><br \/>&#8211; Tout participant \u00e0 une randonn\u00e9e doit adh\u00e9rer \u00e0 l\u2019association \u00ab La Route de l\u2019Ours \u00bb (sauf \u00ab\u00a0sortie d&rsquo;essai\u00a0\u00bb art.4 des <a href=\"https:\/\/laroutedelours.fr\/index.php\/statuts\/\">statuts<\/a>).<\/p><p>&#8211; Tout nouveau randonneur devra s\u2019acquitter de la cotisation et renseigner sa <a href=\"https:\/\/laroutedelours.fr\/wp-content\/uploads\/2026\/04\/fiche-adhesion26.odt\" rel=\"noopener\">demande d&rsquo;adh\u00e9sion<\/a> d\u00e8s sa deuxi\u00e8me sortie, \u00e0\u00a0 envoyer par courrier \u00e9lectronique ou postal.<\/p><p>&#8211; Les dirigeants dans l&rsquo;exercice de leurs responsabilit\u00e9s et les adh\u00e9rents dans le cadre des activit\u00e9s de l&rsquo;association sont couverts jusqu\u2019\u00e0 la fin septembre de l\u2019ann\u00e9e suivante.<\/p><p>&#8211; Des photos peuvent \u00eatre prises pendant les randonn\u00e9es et \u00eatre affich\u00e9es sur le site internet de la Route de l\u2019Ours. L\u2019association n\u2019est pas responsable des photos ou informations publi\u00e9es sur d\u2019autres sites par des participants eux-m\u00eames.<\/p><p>&#8211; Les encadrants autorisent la Route de l\u2019Ours \u00e0 afficher leur adresse \u00e9lectronique et leur num\u00e9ro de t\u00e9l\u00e9phone sur son site internet.<\/p><p><span style=\"color: #0000ff;\"><strong>Organisation des sorties<\/strong><\/span>\u00a0 <a href=\"http:\/\/laroutedelours.fr\/index.php\/fonctionnement\/\">(pr\u00e9cisions)<\/a><br \/>&#8211; <strong>P\u00e9riodicit\u00e9<\/strong> : Les encadrants s&rsquo;efforcent de proposer une sorties par semaine. \u00c9t\u00e9 comme hiver des sorties ponctuelles ou des s\u00e9jours de plusieurs jours peuvent \u00eatre propos\u00e9s. Les sorties sont programm\u00e9es par p\u00e9riodes de 4 mois, le calendrier est communiqu\u00e9 \u00e0 chaque adh\u00e9rent. Lors de l\u2019\u00e9tablissement du calendrier, tout adh\u00e9rent peut proposer d\u2019organiser et accompagner des sorties \u00e0 titre b\u00e9n\u00e9vole. Les membres du CA s\u2019engagent \u00e0 proposer au moins une sortie par semestre.<\/p><p><span style=\"color: #0000ff;\"><strong>Pr\u00e9vention et S\u00e9curit\u00e9<\/strong><\/span><br \/>\u2013 L\u2019organisateur de la sortie communique la liste nominative des participants \u00e0 <a href=\"mailto:contact@laroutedelours.fr\">contact@laroutedelours.fr<\/a> avant le d\u00e9part ; il est de ce fait important que chaque participant se soit inscrit au plus tard la veille avant midi.<\/p><p>&#8211; Chaque participant doit avoir un \u00e9quipement adapt\u00e9 (chaussures de montagne, v\u00eatement de pluie, chapeau, lunettes de soleil, couverture de survie, sifflet, etc\u2026) ; il doit avoir sur lui les num\u00e9ros de t\u00e9l\u00e9phone du pr\u00e9sident et du vice-pr\u00e9sident, \u00e0 joindre en cas de n\u00e9cessit\u00e9 ; il doit pr\u00e9voir le n\u00e9cessaire pour s\u2019alimenter et boire (pr\u00e9voir suffisamment d\u2019eau).<\/p><p>&#8211; Chaque participant doit s&rsquo;informer du niveau de la randonn\u00e9e et s&rsquo;assurer que celui-ci correspond a ses capacit\u00e9s.<\/p><p>\u2013 Les randonneurs doivent rester group\u00e9s\u00a0; tout randonneur quittant le groupe de sa seule initiative prend ses responsabilit\u00e9s\u00a0; en cas d\u2019incident ou d\u2019accident, l\u2019accompagnateur ainsi que l\u2019association ne pourront \u00eatre tenus responsables.<\/p><p>\u2013 Les mineurs restent sous la responsabilit\u00e9 et la surveillance des adultes les accompagnant.<\/p><p>\u2013 En cas de n\u00e9cessit\u00e9 (m\u00e9t\u00e9o, incident de parcours, imp\u00e9ratif de s\u00e9curit\u00e9, \u2026) l\u2019accompagnateur de la randonn\u00e9e peut d\u00e9cider de modifier l\u2019itin\u00e9raire au d\u00e9part ou en cours de randonn\u00e9e apr\u00e8s en avoir inform\u00e9 le groupe<\/p><p>\u2013 En toute autre circonstance l&rsquo;approbation des membres du groupe est n\u00e9cessaire en particulier si la modification aggrave la difficult\u00e9 physique ou technique de la randonn\u00e9e.<\/p><p><span style=\"color: #0000ff;\"><strong>Covoiturage<\/strong><\/span>\u00a0:\u00a0Les frais de covoiturage sont fix\u00e9s par le CA et revus chaque ann\u00e9e en fonction du prix des carburants. <a href=\"http:\/\/laroutedelours.fr\/index.php\/fonctionnement\/\">(voir la page Fonctionnement)<\/a><\/p><p><span style=\"color: #0000ff;\"><strong>Indemnisation des organisateurs de sorties<\/strong><\/span><br \/>&#8211; Les b\u00e9n\u00e9voles qui vont reconna\u00eetre des itin\u00e9raires pour des s\u00e9jours randonn\u00e9es seront indemnis\u00e9s sur les bases suivantes\u00a0:<br \/>\u2192 D\u00e9placement\u00a0: Indemnisations \u00e0 50 % des frais de d\u00e9placement hors Couserans \u00e0 raison de 10 cents \/ km\u00a0; distance maximum A\/R prise en compte\u00a0: 500km<br \/>\u2192 H\u00e9bergement\u00a0: 50% des frais d\u2019h\u00e9bergement en \u00bd pension pour une seule nuit\u00e9e \u00e0 45\u20ac max<br \/>\u2192 B\u00e9n\u00e9ficiaires\u00a0: l\u2019organisateur du s\u00e9jour et un accompagnateur de son choix adh\u00e9rent de la Route de l\u2019Ours<br \/>\u2192 Total maximum de frais pris en charge annuellement\u00a0: 200\u20ac \/ an payables en fin d\u2019ann\u00e9e sur d\u00e9cision du CA<\/p>\t\t\t\t\t\t\t\t<\/div>\n\t\t\t\t<\/div>\n\t\t\t\t\t<\/div>\n\t\t<\/div>\n\t\t\t\t\t<\/div>\n\t\t<\/section>\n\t\t\t\t<\/div>\n\t\t","protected":false},"excerpt":{"rendered":"<p>R\u00e8glement int\u00e9rieur Pr\u00e9ambule&#8211; Notre association propose \u00e0 ses membres la possibilit\u00e9 de d\u00e9couvrir sportivement mais sans esprit de comp\u00e9tition les beaut\u00e9s naturelles et culturelles dans une ambiance conviviale. &#8211; Tout randonneur s\u2019engage \u00e0 respecter faune et flore et \u00e0 ne pas laisser de traces de son passage. Les chiens m\u00eame tenus en laisse ne sont [&hellip;]<\/p>\n","protected":false},"author":1,"featured_media":0,"parent":0,"menu_order":0,"comment_status":"closed","ping_status":"closed","template":"","meta":{"ocean_post_layout":"","ocean_both_sidebars_style":"","ocean_both_sidebars_content_width":0,"ocean_both_sidebars_sidebars_width":0,"ocean_sidebar":"0","ocean_second_sidebar":"0","ocean_disable_margins":"enable","ocean_add_body_class":"","ocean_shortcode_before_top_bar":"","ocean_shortcode_after_top_bar":"","ocean_shortcode_before_header":"","ocean_shortcode_after_header":"","ocean_has_shortcode":"","ocean_shortcode_after_title":"","ocean_shortcode_before_footer_widgets":"","ocean_shortcode_after_footer_widgets":"","ocean_shortcode_before_footer_bottom":"","ocean_shortcode_after_footer_bottom":"","ocean_display_top_bar":"default","ocean_display_header":"default","ocean_header_style":"","ocean_center_header_left_menu":"0","ocean_custom_header_template":"0","ocean_custom_logo":0,"ocean_custom_retina_logo":0,"ocean_custom_logo_max_width":0,"ocean_custom_logo_tablet_max_width":0,"ocean_custom_logo_mobile_max_width":0,"ocean_custom_logo_max_height":0,"ocean_custom_logo_tablet_max_height":0,"ocean_custom_logo_mobile_max_height":0,"ocean_header_custom_menu":"0","ocean_menu_typo_font_family":"0","ocean_menu_typo_font_subset":"","ocean_menu_typo_font_size":0,"ocean_menu_typo_font_size_tablet":0,"ocean_menu_typo_font_size_mobile":0,"ocean_menu_typo_font_size_unit":"px","ocean_menu_typo_font_weight":"","ocean_menu_typo_font_weight_tablet":"","ocean_menu_typo_font_weight_mobile":"","ocean_menu_typo_transform":"","ocean_menu_typo_transform_tablet":"","ocean_menu_typo_transform_mobile":"","ocean_menu_typo_line_height":0,"ocean_menu_typo_line_height_tablet":0,"ocean_menu_typo_line_height_mobile":0,"ocean_menu_typo_line_height_unit":"","ocean_menu_typo_spacing":0,"ocean_menu_typo_spacing_tablet":0,"ocean_menu_typo_spacing_mobile":0,"ocean_menu_typo_spacing_unit":"","ocean_menu_link_color":"","ocean_menu_link_color_hover":"","ocean_menu_link_color_active":"","ocean_menu_link_background":"","ocean_menu_link_hover_background":"","ocean_menu_link_active_background":"","ocean_menu_social_links_bg":"","ocean_menu_social_hover_links_bg":"","ocean_menu_social_links_color":"","ocean_menu_social_hover_links_color":"","ocean_disable_title":"default","ocean_disable_heading":"default","ocean_post_title":"","ocean_post_subheading":"","ocean_post_title_style":"","ocean_post_title_background_color":"","ocean_post_title_background":0,"ocean_post_title_bg_image_position":"","ocean_post_title_bg_image_attachment":"","ocean_post_title_bg_image_repeat":"","ocean_post_title_bg_image_size":"","ocean_post_title_height":0,"ocean_post_title_bg_overlay":0.5,"ocean_post_title_bg_overlay_color":"","ocean_disable_breadcrumbs":"default","ocean_breadcrumbs_color":"","ocean_breadcrumbs_separator_color":"","ocean_breadcrumbs_links_color":"","ocean_breadcrumbs_links_hover_color":"","ocean_display_footer_widgets":"default","ocean_display_footer_bottom":"default","ocean_custom_footer_template":"","omw_enable_modal_window":"enable","two_page_speed":[],"footnotes":""},"class_list":["post-232","page","type-page","status-publish","hentry","entry"],"_links":{"self":[{"href":"https:\/\/laroutedelours.fr\/index.php\/wp-json\/wp\/v2\/pages\/232","targetHints":{"allow":["GET"]}}],"collection":[{"href":"https:\/\/laroutedelours.fr\/index.php\/wp-json\/wp\/v2\/pages"}],"about":[{"href":"https:\/\/laroutedelours.fr\/index.php\/wp-json\/wp\/v2\/types\/page"}],"author":[{"embeddable":true,"href":"https:\/\/laroutedelours.fr\/index.php\/wp-json\/wp\/v2\/users\/1"}],"replies":[{"embeddable":true,"href":"https:\/\/laroutedelours.fr\/index.php\/wp-json\/wp\/v2\/comments?post=232"}],"version-history":[{"count":152,"href":"https:\/\/laroutedelours.fr\/index.php\/wp-json\/wp\/v2\/pages\/232\/revisions"}],"predecessor-version":[{"id":4612,"href":"https:\/\/laroutedelours.fr\/index.php\/wp-json\/wp\/v2\/pages\/232\/revisions\/4612"}],"wp:attachment":[{"href":"https:\/\/laroutedelours.fr\/index.php\/wp-json\/wp\/v2\/media?parent=232"}],"curies":[{"name":"wp","href":"https:\/\/api.w.org\/{rel}","templated":true}]}}